{"id":5443,"date":"2024-03-12T14:18:53","date_gmt":"2024-03-12T13:18:53","guid":{"rendered":"https:\/\/dwstz.de\/%d1%84%d0%be%d1%80%d0%bc%d0%b0-%d0%b6%d0%b0%d0%bb%d0%be%d0%b1%d1%8b-%d0%bd%d0%b0-%d0%ba%d0%be%d0%bd%d1%81%d1%83%d0%bb%d1%8c%d1%82%d0%b0%d1%86%d0%b8%d0%be%d0%bd%d0%bd%d1%83%d1%8e-%d1%81%d0%bb%d1%83\/"},"modified":"2025-01-02T22:10:51","modified_gmt":"2025-01-02T21:10:51","slug":"%d1%84%d0%be%d1%80%d0%bc%d0%b0-%d0%b6%d0%b0%d0%bb%d0%be%d0%b1%d1%8b-%d0%bd%d0%b0-%d0%ba%d0%be%d0%bd%d1%81%d1%83%d0%bb%d1%8c%d1%82%d0%b0%d1%86%d0%b8%d0%be%d0%bd%d0%bd%d1%83%d1%8e-%d1%81%d0%bb%d1%83","status":"publish","type":"page","link":"https:\/\/dwstz.de\/ru\/%d1%84%d0%be%d1%80%d0%bc%d0%b0-%d0%b6%d0%b0%d0%bb%d0%be%d0%b1%d1%8b-%d0%bd%d0%b0-%d0%ba%d0%be%d0%bd%d1%81%d1%83%d0%bb%d1%8c%d1%82%d0%b0%d1%86%d0%b8%d0%be%d0%bd%d0%bd%d1%83%d1%8e-%d1%81%d0%bb%d1%83\/","title":{"rendered":"\u0424\u043e\u0440\u043c\u0430 \u0436\u0430\u043b\u043e\u0431\u044b \u043d\u0430 \u043a\u043e\u043d\u0441\u0443\u043b\u044c\u0442\u0430\u0446\u0438\u043e\u043d\u043d\u0443\u044e \u0441\u043b\u0443\u0436\u0431\u0443"},"content":{"rendered":"\t\t<div data-elementor-type=\"wp-page\" data-elementor-id=\"5443\" class=\"elementor elementor-5443 elementor-4446\" data-elementor-post-type=\"page\">\n\t\t\t\t<div class=\"elementor-element elementor-element-a1d9772 e-con-full e-flex e-con e-parent\" data-id=\"a1d9772\" data-element_type=\"container\" data-e-type=\"container\" data-settings=\"{&quot;background_background&quot;:&quot;classic&quot;,&quot;jet_parallax_layout_list&quot;:[]}\">\n\t\t<div class=\"elementor-element elementor-element-3a7c2b4 e-con-full e-flex e-con e-child\" data-id=\"3a7c2b4\" data-element_type=\"container\" data-e-type=\"container\" data-settings=\"{&quot;jet_parallax_layout_list&quot;:[]}\">\n\t\t<div class=\"elementor-element elementor-element-289d60a e-con-full e-flex e-con e-child\" data-id=\"289d60a\" data-element_type=\"container\" data-e-type=\"container\" data-settings=\"{&quot;jet_parallax_layout_list&quot;:[]}\">\n\t\t\t\t<div class=\"elementor-element elementor-element-deb8272 elementor-widget elementor-widget-heading\" data-id=\"deb8272\" data-element_type=\"widget\" data-e-type=\"widget\" data-widget_type=\"heading.default\">\n\t\t\t\t<div class=\"elementor-widget-container\">\n\t\t\t\t\t<h2 class=\"elementor-heading-title elementor-size-default\">\u0416\u0430\u043b\u043e\u0431\u0430<span class=\"accent-point\">.<\/span><\/h2>\t\t\t\t<\/div>\n\t\t\t\t<\/div>\n\t\t\t\t<div class=\"elementor-element elementor-element-5997d65 elementor-widget__width-inherit elementor-widget elementor-widget-text-editor\" data-id=\"5997d65\" data-element_type=\"widget\" data-e-type=\"widget\" data-widget_type=\"text-editor.default\">\n\t\t\t\t<div class=\"elementor-widget-container\">\n\t\t\t\t\t\t\t\t\t<p>\u041d\u0430\u0441\u0442\u043e\u044f\u0449\u0438\u043c \u044f \u043f\u043e\u0434\u0430\u044e \u0436\u0430\u043b\u043e\u0431\u0443 \u0438 \u043f\u0440\u043e\u0448\u0443 \u043e \u043b\u0438\u0447\u043d\u043e\u0439 \u0432\u0441\u0442\u0440\u0435\u0447\u0435 \u0434\u043b\u044f \u043e\u0431\u0441\u0443\u0436\u0434\u0435\u043d\u0438\u044f \u0436\u0430\u043b\u043e\u0431\u044b.<\/p>\n\t\t\t\t\t\t\t\t<\/div>\n\t\t\t\t<\/div>\n\t\t\t\t<div class=\"elementor-element elementor-element-359ea2d elementor-widget__width-initial elementor-button-align-stretch elementor-widget elementor-widget-form\" data-id=\"359ea2d\" data-element_type=\"widget\" data-e-type=\"widget\" data-settings=\"{&quot;step_next_label&quot;:&quot;\\u0421\\u043b\\u0435\\u0434\\u0443\\u044e\\u0449\\u0438\\u0439&quot;,&quot;step_previous_label&quot;:&quot;\\u041f\\u0440\\u0435\\u0434\\u044b\\u0434\\u0443\\u0449\\u0438\\u0439&quot;,&quot;button_width&quot;:&quot;100&quot;,&quot;step_type&quot;:&quot;number_text&quot;,&quot;step_icon_shape&quot;:&quot;circle&quot;}\" data-widget_type=\"form.default\">\n\t\t\t\t<div class=\"elementor-widget-container\">\n\t\t\t\t\t\t\t<form class=\"elementor-form\" method=\"post\" name=\"\u041d\u043e\u0432\u0430\u044f \u0444\u043e\u0440\u043c\u0430\" aria-label=\"\u041d\u043e\u0432\u0430\u044f \u0444\u043e\u0440\u043c\u0430\">\n\t\t\t<input type=\"hidden\" name=\"post_id\" value=\"5443\"\/>\n\t\t\t<input type=\"hidden\" name=\"form_id\" value=\"359ea2d\"\/>\n\t\t\t<input type=\"hidden\" name=\"referer_title\" value=\"\" \/>\n\n\t\t\t\n\t\t\t<div class=\"elementor-form-fields-wrapper elementor-labels-above\">\n\t\t\t\t\t\t\t\t<div class=\"elementor-field-type-text elementor-field-group elementor-column elementor-field-group-name elementor-col-100 elementor-field-required\">\n\t\t\t\t\t\t\t\t\t\t\t\t<label for=\"form-field-name\" class=\"elementor-field-label\">\n\t\t\t\t\t\t\t\t\u0418\u043c\u044f\t\t\t\t\t\t\t<\/label>\n\t\t\t\t\t\t\t\t\t\t\t\t\t\t<input size=\"1\" type=\"text\" name=\"form_fields[name]\" id=\"form-field-name\" class=\"elementor-field elementor-size-sm  elementor-field-textual\" placeholder=\"\u0418\u043c\u044f\" required=\"required\">\n\t\t\t\t\t\t\t\t\t\t\t<\/div>\n\t\t\t\t\t\t\t\t<div class=\"elementor-field-type-text elementor-field-group elementor-column elementor-field-group-field_1c30b2b elementor-col-100 elementor-field-required\">\n\t\t\t\t\t\t\t\t\t\t\t\t<label for=\"form-field-field_1c30b2b\" class=\"elementor-field-label\">\n\t\t\t\t\t\t\t\t\u0424\u0430\u043c\u0438\u043b\u0438\u044f\t\t\t\t\t\t\t<\/label>\n\t\t\t\t\t\t\t\t\t\t\t\t\t\t<input size=\"1\" type=\"text\" name=\"form_fields[field_1c30b2b]\" id=\"form-field-field_1c30b2b\" class=\"elementor-field elementor-size-sm  elementor-field-textual\" placeholder=\"\u0424\u0430\u043c\u0438\u043b\u0438\u044f\" required=\"required\">\n\t\t\t\t\t\t\t\t\t\t\t<\/div>\n\t\t\t\t\t\t\t\t<div class=\"elementor-field-type-tel elementor-field-group elementor-column elementor-field-group-field_dc76443 elementor-col-100 elementor-field-required\">\n\t\t\t\t\t\t\t\t\t\t\t\t<label for=\"form-field-field_dc76443\" class=\"elementor-field-label\">\n\t\t\t\t\t\t\t\t\u041d\u043e\u043c\u0435\u0440 \u0442\u0435\u043b\u0435\u0444\u043e\u043d\u0430\t\t\t\t\t\t\t<\/label>\n\t\t\t\t\t\t\t\t<input size=\"1\" type=\"tel\" name=\"form_fields[field_dc76443]\" id=\"form-field-field_dc76443\" class=\"elementor-field elementor-size-sm  elementor-field-textual\" placeholder=\"\u041d\u043e\u043c\u0435\u0440 \u0442\u0435\u043b\u0435\u0444\u043e\u043d\u0430\" required=\"required\" pattern=\"[0-9()#&amp;+*-=.]+\" title=\"\u041f\u0440\u0438\u043d\u0438\u043c\u0430\u044e\u0442\u0441\u044f \u0442\u043e\u043b\u044c\u043a\u043e \u0446\u0438\u0444\u0440\u044b \u0438 \u0442\u0435\u043b\u0435\u0444\u043e\u043d\u043d\u044b\u0435 \u0441\u0438\u043c\u0432\u043e\u043b\u044b (#, -, * \u0438 \u0442. \u0434.).\">\n\n\t\t\t\t\t\t<\/div>\n\t\t\t\t\t\t\t\t<div class=\"elementor-field-type-email elementor-field-group elementor-column elementor-field-group-email elementor-col-100 elementor-field-required\">\n\t\t\t\t\t\t\t\t\t\t\t\t<label for=\"form-field-email\" class=\"elementor-field-label\">\n\t\t\t\t\t\t\t\te-mail\t\t\t\t\t\t\t<\/label>\n\t\t\t\t\t\t\t\t\t\t\t\t\t\t<input size=\"1\" type=\"email\" name=\"form_fields[email]\" id=\"form-field-email\" class=\"elementor-field elementor-size-sm  elementor-field-textual\" placeholder=\"e-mail\" required=\"required\">\n\t\t\t\t\t\t\t\t\t\t\t<\/div>\n\t\t\t\t\t\t\t\t<div class=\"elementor-field-type-select elementor-field-group elementor-column elementor-field-group-field_635d83a elementor-col-100 elementor-field-required\">\n\t\t\t\t\t\t\t\t\t\t\t\t<label for=\"form-field-field_635d83a\" class=\"elementor-field-label\">\n\t\t\t\t\t\t\t\t\u041d\u0430 \u0447\u0442\u043e \u0431\u044b \u0432\u044b \u0445\u043e\u0442\u0435\u043b\u0438 \u043f\u043e\u0436\u0430\u043b\u043e\u0432\u0430\u0442\u044c\u0441\u044f?\t\t\t\t\t\t\t<\/label>\n\t\t\t\t\t\t\t\t<div class=\"elementor-field elementor-select-wrapper remove-before \">\n\t\t\t<div class=\"select-caret-down-wrapper\">\n\t\t\t\t<i aria-hidden=\"true\" class=\"eicon-caret-down\"><\/i>\t\t\t<\/div>\n\t\t\t<select name=\"form_fields[field_635d83a]\" id=\"form-field-field_635d83a\" class=\"elementor-field-textual elementor-size-sm\" required=\"required\">\n\t\t\t\t\t\t\t\t\t<option value=\"\u0421\u043e\u0432\u043c\u0435\u0441\u0442\u043d\u043e\u0435 \u0436\u0438\u043b\u044c\u0435 \u041e\u0444\u0438\u0441 \/ \u043e\u0440\u0433\u0430\u043d \u0432\u043b\u0430\u0441\u0442\u0438 \u0423\u0441\u043b\u0443\u0433\u0438 (\u043d\u0430\u043f\u0440\u0438\u043c\u0435\u0440, \u0441\u043e\u0446\u0438\u0430\u043b\u044c\u043d\u043e\u0435 \u043a\u043e\u043d\u0441\u0443\u043b\u044c\u0442\u0438\u0440\u043e\u0432\u0430\u043d\u0438\u0435) \u0414\u0440\u0443\u0433\u0438\u0435 \u0436\u0438\u0442\u0435\u043b\u0438 \/ \u0441\u043e\u0441\u0435\u0434\u0438 \u0414\u0440\u0443\u0433\u043e\u0435\">\u0421\u043e\u0432\u043c\u0435\u0441\u0442\u043d\u043e\u0435 \u0436\u0438\u043b\u044c\u0435 \u041e\u0444\u0438\u0441 \/ \u043e\u0440\u0433\u0430\u043d \u0432\u043b\u0430\u0441\u0442\u0438 \u0423\u0441\u043b\u0443\u0433\u0438 (\u043d\u0430\u043f\u0440\u0438\u043c\u0435\u0440, \u0441\u043e\u0446\u0438\u0430\u043b\u044c\u043d\u043e\u0435 \u043a\u043e\u043d\u0441\u0443\u043b\u044c\u0442\u0438\u0440\u043e\u0432\u0430\u043d\u0438\u0435) \u0414\u0440\u0443\u0433\u0438\u0435 \u0436\u0438\u0442\u0435\u043b\u0438 \/ \u0441\u043e\u0441\u0435\u0434\u0438 \u0414\u0440\u0443\u0433\u043e\u0435<\/option>\n\t\t\t\t\t\t\t<\/select>\n\t\t<\/div>\n\t\t\t\t\t\t<\/div>\n\t\t\t\t\t\t\t\t<div class=\"elementor-field-type-textarea elementor-field-group elementor-column elementor-field-group-message elementor-col-100 elementor-field-required\">\n\t\t\t\t\t\t\t\t\t\t\t\t<label for=\"form-field-message\" class=\"elementor-field-label\">\n\t\t\t\t\t\t\t\t\u0416\u0430\u043b\u043e\u0431\u0430 - \u0447\u0442\u043e \u043f\u0440\u043e\u0438\u0437\u043e\u0448\u043b\u043e?\t\t\t\t\t\t\t<\/label>\n\t\t\t\t\t\t<textarea class=\"elementor-field-textual elementor-field  elementor-size-sm\" name=\"form_fields[message]\" id=\"form-field-message\" rows=\"4\" required=\"required\"><\/textarea>\t\t\t\t<\/div>\n\t\t\t\t\t\t\t\t<div class=\"elementor-field-type-acceptance elementor-field-group elementor-column elementor-field-group-we_checkbox elementor-col-100 elementor-field-required\">\n\t\t\t\t\t\t\t<div class=\"elementor-field-subgroup\">\n\t\t\t<span class=\"elementor-field-option\">\n\t\t\t\t<input type=\"checkbox\" name=\"form_fields[we_checkbox]\" id=\"form-field-we_checkbox\" class=\"elementor-field elementor-size-sm  elementor-acceptance-field\" required=\"required\">\n\t\t\t\t<label for=\"form-field-we_checkbox\"><div style=\"font-size: 18px; font-weight: 500; line-height:1.2; padding-left: 25px; padding-right: 25px; margin-top: -25px;\">\u042f \u0441\u043e\u0433\u043b\u0430\u0441\u0435\u043d \u0441 \u0442\u0435\u043c, \u0447\u0442\u043e \u043c\u043e\u0438 \u0434\u0430\u043d\u043d\u044b\u0435 \u0431\u0443\u0434\u0443\u0442 \u0438\u0441\u043f\u043e\u043b\u044c\u0437\u043e\u0432\u0430\u043d\u044b \u0434\u043b\u044f \u0441\u0432\u044f\u0437\u0438 \u0441\u043e \u043c\u043d\u043e\u0439.<\/div><\/label>\t\t\t<\/span>\n\t\t<\/div>\n\t\t\t\t\t\t<\/div>\n\t\t\t\t\t\t\t\t<div class=\"elementor-field-type-text\">\n\t\t\t\t\t<input size=\"1\" type=\"text\" name=\"form_fields[field_5d7e7cd]\" id=\"form-field-field_5d7e7cd\" class=\"elementor-field elementor-size-sm \" style=\"display:none !important;\">\t\t\t\t<\/div>\n\t\t\t\t\t\t\t\t<div class=\"elementor-field-group elementor-column elementor-field-type-submit elementor-col-100 e-form__buttons\">\n\t\t\t\t\t<button class=\"elementor-button elementor-size-sm\" type=\"submit\">\n\t\t\t\t\t\t<span class=\"elementor-button-content-wrapper\">\n\t\t\t\t\t\t\t\t\t\t\t\t\t\t\t\t\t\t\t\t\t\t<span class=\"elementor-button-text\">\u041e\u0442\u043f\u0440\u0430\u0432\u0438\u0442\u044c<\/span>\n\t\t\t\t\t\t\t\t\t\t\t\t\t<\/span>\n\t\t\t\t\t<\/button>\n\t\t\t\t<\/div>\n\t\t\t<\/div>\n\t\t<\/form>\n\t\t\t\t\t\t<\/div>\n\t\t\t\t<\/div>\n\t\t\t\t<\/div>\n\t\t<div class=\"elementor-element elementor-element-9b1f6cc e-con-full e-flex e-con e-child\" data-id=\"9b1f6cc\" data-element_type=\"container\" data-e-type=\"container\" data-settings=\"{&quot;jet_parallax_layout_list&quot;:[],&quot;background_background&quot;:&quot;classic&quot;}\">\n\t\t\t\t<div class=\"elementor-element elementor-element-764d184 elementor-widget elementor-widget-heading\" data-id=\"764d184\" data-element_type=\"widget\" data-e-type=\"widget\" data-widget_type=\"heading.default\">\n\t\t\t\t<div class=\"elementor-widget-container\">\n\t\t\t\t\t<h2 class=\"elementor-heading-title elementor-size-default\">\u041f\u043e\u0436\u0430\u043b\u043e\u0432\u0430\u0442\u044c\u0441\u044f \u043d\u0430 \u043a\u043e\u043d\u0441\u0443\u043b\u044c\u0442\u0430\u0446\u0438\u043e\u043d\u043d\u0443\u044e \u0441\u043b\u0443\u0436\u0431\u0443 \u0434\u043b\u044f \u043c\u0438\u0433\u0440\u0430\u043d\u0442\u043e\u0432 (Diakonie)<span class=\"accent-point\">?<\/span><\/h2>\t\t\t\t<\/div>\n\t\t\t\t<\/div>\n\t\t\t\t<div class=\"elementor-element elementor-element-deb845f elementor-widget__width-inherit elementor-widget elementor-widget-text-editor\" data-id=\"deb845f\" data-element_type=\"widget\" data-e-type=\"widget\" data-widget_type=\"text-editor.default\">\n\t\t\t\t<div class=\"elementor-widget-container\">\n\t\t\t\t\t\t\t\t\t<p><strong>\u0412\u044b \u043c\u043e\u0436\u0435\u0442\u0435 \u0441\u0434\u0435\u043b\u0430\u0442\u044c \u044d\u0442\u043e \u0437\u0434\u0435\u0441\u044c:<\/strong><br \/>Amanda Palenberg, B\u00fcro f\u00fcr Chancengleichheit und Vielfalt, Beauftragte f\u00fcr Migration und Integration<br \/>Friedrich-Ebert-Stra\u00dfe 79\/81, 14469 Potsdam<br \/>Telefon:+49 331 289-1083<\/p>\n\t\t\t\t\t\t\t\t<\/div>\n\t\t\t\t<\/div>\n\t\t\t\t<\/div>\n\t\t<div class=\"elementor-element elementor-element-05c5a11 e-con-full e-flex e-con e-child\" data-id=\"05c5a11\" data-element_type=\"container\" data-e-type=\"container\" data-settings=\"{&quot;jet_parallax_layout_list&quot;:[]}\">\n\t\t\t\t<div class=\"elementor-element elementor-element-acb8ff7 elementor-cta--skin-cover elementor-cta--valign-bottom elementor-widget__width-initial elementor-widget-mobile__width-initial elementor-widget elementor-widget-call-to-action\" data-id=\"acb8ff7\" data-element_type=\"widget\" data-e-type=\"widget\" data-widget_type=\"call-to-action.default\">\n\t\t\t\t<div class=\"elementor-widget-container\">\n\t\t\t\t\t\t\t<div class=\"elementor-cta\">\n\t\t\t\t\t<div class=\"elementor-cta__bg-wrapper\">\n\t\t\t\t<div class=\"elementor-cta__bg elementor-bg\" style=\"background-image: url(https:\/\/dwstz.de\/wp-content\/uploads\/2023\/04\/DSC4211-Kopie.webp);\" role=\"img\" aria-label=\"Beratungsfach\u00addienst f\u00fcr Migrant*innen in Potsdam\"><\/div>\n\t\t\t\t<div class=\"elementor-cta__bg-overlay\"><\/div>\n\t\t\t<\/div>\n\t\t\t\t\t\t\t<div class=\"elementor-cta__content\">\n\t\t\t\t\n\t\t\t\t\t\t\t\t\t<span class=\"elementor-cta__title elementor-cta__content-item elementor-content-item\">\n\t\t\t\t\t\t\u00a9 DWSTZ e.V.\t\t\t\t\t<\/span>\n\t\t\t\t\n\t\t\t\t\n\t\t\t\t\t\t\t<\/div>\n\t\t\t\t\t\t<\/div>\n\t\t\t\t\t\t<\/div>\n\t\t\t\t<\/div>\n\t\t\t\t<div class=\"elementor-element elementor-element-61f5e8e elementor-cta--skin-cover elementor-cta--valign-bottom elementor-widget__width-initial elementor-absolute elementor-widget elementor-widget-call-to-action\" data-id=\"61f5e8e\" data-element_type=\"widget\" data-e-type=\"widget\" data-settings=\"{&quot;_position&quot;:&quot;absolute&quot;}\" data-widget_type=\"call-to-action.default\">\n\t\t\t\t<div class=\"elementor-widget-container\">\n\t\t\t\t\t\t\t<div class=\"elementor-cta\">\n\t\t\t\t\t<div class=\"elementor-cta__bg-wrapper\">\n\t\t\t\t<div class=\"elementor-cta__bg elementor-bg\" style=\"background-image: url(https:\/\/dwstz.de\/wp-content\/uploads\/2023\/04\/DSC4146-Kopie.webp);\" role=\"img\" aria-label=\"Beratungsfach\u00addienst f\u00fcr Migrant*innen in Potsdam\"><\/div>\n\t\t\t\t<div class=\"elementor-cta__bg-overlay\"><\/div>\n\t\t\t<\/div>\n\t\t\t\t\t\t\t<div class=\"elementor-cta__content\">\n\t\t\t\t\n\t\t\t\t\t\t\t\t\t<span class=\"elementor-cta__title elementor-cta__content-item elementor-content-item\">\n\t\t\t\t\t\t\u00a9 DWSTZ e.V.\t\t\t\t\t<\/span>\n\t\t\t\t\n\t\t\t\t\n\t\t\t\t\t\t\t<\/div>\n\t\t\t\t\t\t<\/div>\n\t\t\t\t\t\t<\/div>\n\t\t\t\t<\/div>\n\t\t\t\t<\/div>\n\t\t\t\t<\/div>\n\t\t\t\t<\/div>\n\t\t<section class=\"elementor-element elementor-element-3b48908 e-con-full e-flex e-con e-parent\" data-id=\"3b48908\" data-element_type=\"container\" data-e-type=\"container\" data-settings=\"{&quot;jet_parallax_layout_list&quot;:[]}\">\n\t\t<div class=\"elementor-element elementor-element-fac294f e-con-full e-flex e-con e-child\" data-id=\"fac294f\" data-element_type=\"container\" data-e-type=\"container\" data-settings=\"{&quot;background_background&quot;:&quot;classic&quot;,&quot;jet_parallax_layout_list&quot;:[]}\">\n\t\t<div class=\"elementor-element elementor-element-9bafae6 e-con-full e-flex e-con e-child\" data-id=\"9bafae6\" data-element_type=\"container\" data-e-type=\"container\" data-settings=\"{&quot;jet_parallax_layout_list&quot;:[]}\">\n\t\t\t\t<div class=\"elementor-element elementor-element-5158811 elementor-widget elementor-widget-heading\" data-id=\"5158811\" data-element_type=\"widget\" data-e-type=\"widget\" data-widget_type=\"heading.default\">\n\t\t\t\t<div class=\"elementor-widget-container\">\n\t\t\t\t\t<h2 class=\"elementor-heading-title elementor-size-default\">\u041f\u043e\u0436\u0430\u043b\u043e\u0432\u0430\u0442\u044c\u0441\u044f \u043d\u0430 \u043a\u043e\u043d\u0441\u0443\u043b\u044c\u0442\u0430\u0446\u0438\u043e\u043d\u043d\u0443\u044e \u0441\u043b\u0443\u0436\u0431\u0443 \u0434\u043b\u044f \u043c\u0438\u0433\u0440\u0430\u043d\u0442\u043e\u0432 (Diakonie)<span class=\"accent-point\">?<\/span><\/h2>\t\t\t\t<\/div>\n\t\t\t\t<\/div>\n\t\t\t\t<\/div>\n\t\t<div class=\"elementor-element elementor-element-78c14c3 e-con-full e-flex e-con e-child\" data-id=\"78c14c3\" data-element_type=\"container\" data-e-type=\"container\" data-settings=\"{&quot;jet_parallax_layout_list&quot;:[]}\">\n\t\t\t\t<div class=\"elementor-element elementor-element-82d77a2 elementor-widget__width-inherit elementor-widget elementor-widget-text-editor\" data-id=\"82d77a2\" data-element_type=\"widget\" data-e-type=\"widget\" data-widget_type=\"text-editor.default\">\n\t\t\t\t<div class=\"elementor-widget-container\">\n\t\t\t\t\t\t\t\t\t<p><strong>\u0412\u044b \u043c\u043e\u0436\u0435\u0442\u0435 \u0441\u0434\u0435\u043b\u0430\u0442\u044c \u044d\u0442\u043e \u0437\u0434\u0435\u0441\u044c:<\/strong><br \/>Amanda Palenberg, B\u00fcro f\u00fcr Chancengleichheit und Vielfalt, Beauftragte f\u00fcr Migration und Integration<br \/>Friedrich-Ebert-Stra\u00dfe 79\/81, 14469 Potsdam<br \/>Telefon:+49 331 289-1083<\/p>\n\t\t\t\t\t\t\t\t<\/div>\n\t\t\t\t<\/div>\n\t\t\t\t<\/div>\n\t\t\t\t<\/div>\n\t\t\t\t<\/section>\n\t\t\t\t<\/div>\n\t\t","protected":false},"excerpt":{"rendered":"<p>\u0416\u0430\u043b\u043e\u0431\u0430. \u041d\u0430\u0441\u0442\u043e\u044f\u0449\u0438\u043c \u044f \u043f\u043e\u0434\u0430\u044e \u0436\u0430\u043b\u043e\u0431\u0443 \u0438 \u043f\u0440\u043e\u0448\u0443 \u043e \u043b\u0438\u0447\u043d\u043e\u0439 \u0432\u0441\u0442\u0440\u0435\u0447\u0435 \u0434\u043b\u044f \u043e\u0431\u0441\u0443\u0436\u0434\u0435\u043d\u0438\u044f \u0436\u0430\u043b\u043e\u0431\u044b. \u041f\u043e\u0436\u0430\u043b\u043e\u0432\u0430\u0442\u044c\u0441\u044f \u043d\u0430 \u043a\u043e\u043d\u0441\u0443\u043b\u044c\u0442\u0430\u0446\u0438\u043e\u043d\u043d\u0443\u044e \u0441\u043b\u0443\u0436\u0431\u0443 \u0434\u043b\u044f \u043c\u0438\u0433\u0440\u0430\u043d\u0442\u043e\u0432 (Diakonie)? \u0412\u044b \u043c\u043e\u0436\u0435\u0442\u0435 \u0441\u0434\u0435\u043b\u0430\u0442\u044c \u044d\u0442\u043e \u0437\u0434\u0435\u0441\u044c:Amanda Palenberg, B\u00fcro f\u00fcr Chancengleichheit und Vielfalt, Beauftragte f\u00fcr Migration und IntegrationFriedrich-Ebert-Stra\u00dfe 79\/81, 14469 PotsdamTelefon:+49 331 289-1083 \u00a9 DWSTZ e.V. \u00a9 DWSTZ e.V. \u041f\u043e\u0436\u0430\u043b\u043e\u0432\u0430\u0442\u044c\u0441\u044f \u043d\u0430 \u043a\u043e\u043d\u0441\u0443\u043b\u044c\u0442\u0430\u0446\u0438\u043e\u043d\u043d\u0443\u044e \u0441\u043b\u0443\u0436\u0431\u0443 \u0434\u043b\u044f \u043c\u0438\u0433\u0440\u0430\u043d\u0442\u043e\u0432 (Diakonie)? \u0412\u044b [&hellip;]<\/p>\n","protected":false},"author":1,"featured_media":0,"parent":0,"menu_order":1,"comment_status":"closed","ping_status":"closed","template":"","meta":{"footnotes":""},"class_list":["post-5443","page","type-page","status-publish","hentry"],"_links":{"self":[{"href":"https:\/\/dwstz.de\/ru\/wp-json\/wp\/v2\/pages\/5443","targetHints":{"allow":["GET"]}}],"collection":[{"href":"https:\/\/dwstz.de\/ru\/wp-json\/wp\/v2\/pages"}],"about":[{"href":"https:\/\/dwstz.de\/ru\/wp-json\/wp\/v2\/types\/page"}],"author":[{"embeddable":true,"href":"https:\/\/dwstz.de\/ru\/wp-json\/wp\/v2\/users\/1"}],"replies":[{"embeddable":true,"href":"https:\/\/dwstz.de\/ru\/wp-json\/wp\/v2\/comments?post=5443"}],"version-history":[{"count":3,"href":"https:\/\/dwstz.de\/ru\/wp-json\/wp\/v2\/pages\/5443\/revisions"}],"predecessor-version":[{"id":5446,"href":"https:\/\/dwstz.de\/ru\/wp-json\/wp\/v2\/pages\/5443\/revisions\/5446"}],"wp:attachment":[{"href":"https:\/\/dwstz.de\/ru\/wp-json\/wp\/v2\/media?parent=5443"}],"curies":[{"name":"wp","href":"https:\/\/api.w.org\/{rel}","templated":true}]}}